{"id":184,"date":"2026-02-11T20:13:52","date_gmt":"2026-02-11T20:13:52","guid":{"rendered":"https:\/\/practical-silver-tortoise.xn--frkwebbureau-6cb.dk\/?page_id=184"},"modified":"2026-03-26T10:04:26","modified_gmt":"2026-03-26T10:04:26","slug":"bliv-medlem","status":"publish","type":"page","link":"https:\/\/sfpe.dk\/index.php\/bliv-medlem\/","title":{"rendered":"Bliv medlem"},"content":{"rendered":"<div class=\"et_pb_section_0 et_pb_section et_section_regular et_block_section preset--module--divi-section--default\">\n<div class=\"et_pb_row_0 et_pb_row et_flex_row\">\n<div class=\"et_pb_column_0 et_pb_column et_flex_column et_pb_css_mix_blend_mode_passthrough et_flex_column_16_24 et_flex_column_16_24_tablet et_flex_column_24_24_phone\">\n<div class=\"et_pb_text_0 et_pb_text et_pb_bg_layout_light et_pb_module et_block_module preset--module--divi-text--83d94e9b-bff8-4c15-9e33-e7b1a7a21887\"><div class=\"et_pb_text_inner\"><h2>Bliv medlem<\/h2>\n<\/div><\/div>\n\n<div class=\"et_pb_text_1 et_pb_text et_pb_bg_layout_light et_pb_module et_block_module preset--module--divi-text--102bef9d-a6b9-41f0-af77-1ed5b7bd0593\"><div class=\"et_pb_text_inner\"><p>Som medlem af SFPE Danmark bliver du en del af et fagligt f\u00e6llesskab for brandtekniske ingeni\u00f8rer og andre professionelle, der arbejder med brandsikkerhed. Her m\u00f8der du kolleger, der deler viden, erfaringer og l\u00f8sninger p\u00e5 de udfordringer, branchen st\u00e5r overfor \u2013 med et f\u00e6lles m\u00e5l om at forbedre brandsikkerheden i Danmark og internationalt.<\/p>\n<\/div><\/div>\n\n<div class=\"et_pb_text_2 et_pb_text et_pb_bg_layout_light et_clickable et_pb_module et_block_module preset--module--divi-text--52e3395c-06b4-4952-8385-df6502265a6b\" data-interaction-trigger=\"fa73mwicb5\"><div class=\"et_pb_text_inner\"><p>Bliv medlem<\/p>\n<\/div><\/div>\n<\/div>\n\n<div class=\"et_pb_column_1 et_pb_column et-last-child et_flex_column et_pb_column_empty et_pb_css_mix_blend_mode_passthrough et_flex_column_8_24 et_flex_column_8_24_tablet et_flex_column_24_24_phone\"><\/div>\n<\/div>\n<\/div>\n\n<div class=\"et_pb_section_1 et_pb_section et_section_regular et_block_section et-interaction-target-78ul4houkt preset--module--divi-section--default\" data-interaction-target=\"78ul4houkt\"><div class=\"et_pb_row_1 et_pb_row et_block_row\"><div class=\"et_pb_column_2 et_pb_column et_pb_column_4_4 et-last-child et_block_column et_pb_css_mix_blend_mode_passthrough\"><div class=\"et_pb_text_3 et_pb_text et_pb_bg_layout_light et_pb_module et_block_module preset--module--divi-text--0874a7ef-fda6-4460-964c-06187d4d2262\"><div class=\"et_pb_text_inner\"><h4>Tilmelding<\/h4>\n<\/div><\/div><div class=\"et_pb_text_4 et_pb_text et_pb_bg_layout_light et_pb_module et_block_module preset--module--divi-text--83d94e9b-bff8-4c15-9e33-e7b1a7a21887\"><div class=\"et_pb_text_inner\"><h2>Tilmeld dig via formularen<\/h2>\n<\/div><\/div><\/div><\/div><div class=\"et_pb_row_2 et_pb_row et_flex_row\"><div class=\"et_pb_column_3 et_pb_column et-last-child et_flex_column et_pb_css_mix_blend_mode_passthrough et_flex_column_24_24 et_flex_column_24_24_tablet et_flex_column_24_24_phone\"><div class=\"et_pb_text_5 et_pb_text et_pb_bg_layout_light et_pb_module et_flex_module preset--module--divi-text--default\"><div class=\"et_pb_text_inner\"><style id=\"wpforms-css-vars-699\">\n\t\t\t\t#wpforms-699 {\n\t\t\t\t--wpforms-field-border-color: rgba(0, 0, 0, 0.25);\n--wpforms-field-border-color-spare: rgba(0, 0, 0, 0.25);\n--wpforms-field-text-color: rgba(0, 0, 0, 0.7);\n--wpforms-label-color: rgba(0, 0, 0, 0.85);\n--wpforms-label-sublabel-color: rgba(0, 0, 0, 0.55);\n--wpforms-button-border-radius: 0px;\n--wpforms-button-background-color: #cf252a;\n--wpforms-container-padding: 0px;\n--wpforms-container-border-width: 1px;\n--wpforms-container-border-radius: 3px;\n--wpforms-background-color: rgba(0, 0, 0, 0);\n--wpforms-field-size-input-height: 43px;\n--wpforms-field-size-input-spacing: 15px;\n--wpforms-field-size-font-size: 16px;\n--wpforms-field-size-line-height: 19px;\n--wpforms-field-size-padding-h: 14px;\n--wpforms-field-size-checkbox-size: 16px;\n--wpforms-field-size-sublabel-spacing: 5px;\n--wpforms-field-size-icon-size: 1;\n--wpforms-label-size-font-size: 16px;\n--wpforms-label-size-line-height: 19px;\n--wpforms-label-size-sublabel-font-size: 14px;\n--wpforms-label-size-sublabel-line-height: 17px;\n--wpforms-button-size-font-size: 17px;\n--wpforms-button-size-height: 41px;\n--wpforms-button-size-padding-h: 15px;\n--wpforms-button-size-margin-top: 10px;\n--wpforms-container-shadow-size-box-shadow: none;\n\t\t\t}\n\t\t\t<\/style><div class=\"wpforms-container wpforms-container-full wpforms-render-modern\" id=\"wpforms-699\"><form id=\"wpforms-form-699\" class=\"wpforms-validate wpforms-form wpforms-ajax-form\" data-formid=\"699\" method=\"post\" enctype=\"multipart\/form-data\" action=\"\/index.php\/wp-json\/wp\/v2\/pages\/184\" data-token=\"666cc00cf94faa9d3893d6a1601879ee\" data-token-time=\"1776425965\"><noscript class=\"wpforms-error-noscript\">Please enable JavaScript in your browser to complete this form.<\/noscript><div id=\"wpforms-error-noscript\" style=\"display: none;\">Please enable JavaScript in your browser to complete this form.<\/div><div class=\"wpforms-field-container\"><div id=\"wpforms-699-field_1-container\" class=\"wpforms-field wpforms-field-name wpforms-one-half wpforms-first\" data-field-id=\"1\"><label class=\"wpforms-field-label\" for=\"wpforms-699-field_1\">Navn <span class=\"wpforms-required-label\" aria-hidden=\"true\">*<\/span><\/label><input type=\"text\" id=\"wpforms-699-field_1\" class=\"wpforms-field-large wpforms-field-required\" name=\"wpforms[fields][1]\" aria-errormessage=\"wpforms-699-field_1-error\" required><\/div><div id=\"wpforms-699-field_9-container\" class=\"wpforms-field wpforms-field-number wpforms-one-half\" data-field-id=\"9\"><label class=\"wpforms-field-label\" for=\"wpforms-699-field_9\">Telefonnr. <span class=\"wpforms-required-label\" aria-hidden=\"true\">*<\/span><\/label><input type=\"number\" id=\"wpforms-699-field_9\" class=\"wpforms-field-large wpforms-field-required\" name=\"wpforms[fields][9]\" step=\"any\" aria-errormessage=\"wpforms-699-field_9-error\" required><\/div><div id=\"wpforms-699-field_2-container\" class=\"wpforms-field wpforms-field-email\" data-field-id=\"2\"><label class=\"wpforms-field-label\" for=\"wpforms-699-field_2\">E-mail <span class=\"wpforms-required-label\" aria-hidden=\"true\">*<\/span><\/label><input type=\"email\" id=\"wpforms-699-field_2\" class=\"wpforms-field-large wpforms-field-required\" name=\"wpforms[fields][2]\" spellcheck=\"false\" aria-errormessage=\"wpforms-699-field_2-error\" required><\/div><div id=\"wpforms-699-field_5-container\" class=\"wpforms-field wpforms-field-text wpforms-one-half wpforms-first\" data-field-id=\"5\"><label class=\"wpforms-field-label\" for=\"wpforms-699-field_5\">Vej og husnr. <span class=\"wpforms-required-label\" aria-hidden=\"true\">*<\/span><\/label><input type=\"text\" id=\"wpforms-699-field_5\" class=\"wpforms-field-large wpforms-field-required\" name=\"wpforms[fields][5]\" aria-errormessage=\"wpforms-699-field_5-error\" required><\/div><div id=\"wpforms-699-field_6-container\" class=\"wpforms-field wpforms-field-text wpforms-one-half\" data-field-id=\"6\"><label class=\"wpforms-field-label\" for=\"wpforms-699-field_6\">Postnr. og by <span class=\"wpforms-required-label\" aria-hidden=\"true\">*<\/span><\/label><input type=\"text\" id=\"wpforms-699-field_6\" class=\"wpforms-field-large wpforms-field-required\" name=\"wpforms[fields][6]\" aria-errormessage=\"wpforms-699-field_6-error\" required><\/div>\t\t<div id=\"wpforms-699-field_4-container\"\n\t\t\tclass=\"wpforms-field wpforms-field-text\"\n\t\t\tdata-field-type=\"text\"\n\t\t\tdata-field-id=\"4\"\n\t\t\t>\n\t\t\t<label class=\"wpforms-field-label\" for=\"wpforms-699-field_4\" >E-mail Samtykke og<\/label>\n\t\t\t<input type=\"text\" id=\"wpforms-699-field_4\" class=\"wpforms-field-medium\" name=\"wpforms[fields][4]\" >\n\t\t<\/div>\n\t\t<div id=\"wpforms-699-field_7-container\" class=\"wpforms-field wpforms-field-payment-checkbox wpforms-one-half wpforms-first wpforms-list-2-columns\" data-field-id=\"7\"><fieldset><legend class=\"wpforms-field-label\">V\u00e6lg <span class=\"wpforms-required-label\" aria-hidden=\"true\">*<\/span><\/legend><ul id=\"wpforms-699-field_7\" class=\"wpforms-field-required\"><li class=\"choice-1\"><input type=\"checkbox\" id=\"wpforms-699-field_7_1\" class=\"wpforms-payment-price\" data-amount=\"0.00\" name=\"wpforms[fields][7][]\" value=\"1\" aria-errormessage=\"wpforms-699-field_7_1-error\" required ><label class=\"wpforms-field-label-inline\" for=\"wpforms-699-field_7_1\">Bliv medlem<\/label><\/li><li class=\"choice-2\"><input type=\"checkbox\" id=\"wpforms-699-field_7_2\" class=\"wpforms-payment-price\" data-amount=\"0.00\" name=\"wpforms[fields][7][]\" value=\"2\" aria-errormessage=\"wpforms-699-field_7_2-error\" required ><label class=\"wpforms-field-label-inline\" for=\"wpforms-699-field_7_2\">Bliv foredragsholder<\/label><\/li><\/ul><\/fieldset><\/div><div id=\"wpforms-699-field_3-container\" class=\"wpforms-field wpforms-field-textarea\" data-field-id=\"3\"><label class=\"wpforms-field-label\" for=\"wpforms-699-field_3\">Besked<\/label><textarea id=\"wpforms-699-field_3\" class=\"wpforms-field-medium\" name=\"wpforms[fields][3]\" aria-errormessage=\"wpforms-699-field_3-error\" ><\/textarea><\/div><div id=\"wpforms-699-field_8-container\" class=\"wpforms-field wpforms-field-checkbox\" data-field-id=\"8\"><fieldset><legend class=\"wpforms-field-label\">Samtykke <span class=\"wpforms-required-label\" aria-hidden=\"true\">*<\/span><\/legend><ul id=\"wpforms-699-field_8\" class=\"wpforms-field-required\"><li class=\"choice-1 depth-1\"><input type=\"checkbox\" id=\"wpforms-699-field_8_1\" name=\"wpforms[fields][8][]\" value=\"Jeg accepterer, at SFPE Denmark m\u00e5 bruge mine personoplysninger til administration af min tilmelding. L\u00e6s mere om behandlingen af dine personoplysninger her: Privatlivspolitik\" aria-errormessage=\"wpforms-699-field_8_1-error\" required ><label class=\"wpforms-field-label-inline\" for=\"wpforms-699-field_8_1\">Jeg accepterer, at SFPE Denmark m\u00e5 bruge mine personoplysninger til administration af min tilmelding. L\u00e6s mere om behandlingen af dine personoplysninger her: Privatlivspolitik<\/label><\/li><\/ul><\/fieldset><\/div><script>\n\t\t\t\t( function() {\n\t\t\t\t\tconst style = document.createElement( 'style' );\n\t\t\t\t\tstyle.appendChild( document.createTextNode( '#wpforms-699-field_4-container { position: absolute !important; overflow: hidden !important; display: inline !important; height: 1px !important; width: 1px !important; z-index: -1000 !important; padding: 0 !important; } #wpforms-699-field_4-container input { visibility: hidden; } #wpforms-conversational-form-page #wpforms-699-field_4-container label { counter-increment: none; }' ) );\n\t\t\t\t\tdocument.head.appendChild( style );\n\t\t\t\t\tdocument.currentScript?.remove();\n\t\t\t\t} )();\n\t\t\t<\/script><\/div><!-- .wpforms-field-container --><div class=\"wpforms-recaptcha-container wpforms-is-turnstile\" ><div class=\"wpforms-turnstile\" data-sitekey=\"0x4AAAAAACwwK3P4q0HuBfnx\" data-action=\"FormID-699\"><\/div><input type=\"text\" name=\"g-recaptcha-hidden\" class=\"wpforms-recaptcha-hidden\" style=\"position:absolute!important;clip:rect(0,0,0,0)!important;height:1px!important;width:1px!important;border:0!important;overflow:hidden!important;padding:0!important;margin:0!important;\" data-rule-turnstile=\"1\"><\/div><div class=\"wpforms-submit-container\" ><input type=\"hidden\" name=\"wpforms[id]\" value=\"699\"><input type=\"hidden\" name=\"page_title\" value=\"\"><input type=\"hidden\" name=\"page_url\" value=\"https:\/\/sfpe.dk\/index.php\/wp-json\/wp\/v2\/pages\/184\"><input type=\"hidden\" name=\"url_referer\" value=\"\"><button type=\"submit\" name=\"wpforms[submit]\" id=\"wpforms-submit-699\" class=\"wpforms-submit\" data-alt-text=\"Indsender...\" data-submit-text=\"Tilmeld\" aria-live=\"assertive\" value=\"wpforms-submit\">Tilmeld<\/button><img loading=\"lazy\" decoding=\"async\" src=\"https:\/\/sfpe.dk\/wp-content\/plugins\/wpforms-lite\/assets\/images\/submit-spin.svg\" class=\"wpforms-submit-spinner\" style=\"display: none;\" width=\"26\" height=\"26\" alt=\"Loading\"><\/div><\/form><\/div>  <!-- .wpforms-container -->\n<\/div><\/div><\/div><\/div><\/div>\n\n<div class=\"et_pb_section_2 et_pb_section et_section_regular et_block_section preset--module--divi-section--default\">\n<div class=\"et_pb_row_3 et_pb_row et_block_row\">\n<div class=\"et_pb_column_4 et_pb_column et_pb_column_4_4 et-last-child et_block_column et_pb_css_mix_blend_mode_passthrough\">\n<div class=\"et_pb_text_6 et_pb_text et_pb_bg_layout_light et_pb_module et_block_module preset--module--divi-text--0874a7ef-fda6-4460-964c-06187d4d2262\"><div class=\"et_pb_text_inner\"><h4>Om Medlemskabet<\/h4>\n<\/div><\/div>\n\n<div class=\"et_pb_text_7 et_pb_text et_pb_bg_layout_light et_pb_module et_block_module preset--module--divi-text--83d94e9b-bff8-4c15-9e33-e7b1a7a21887\"><div class=\"et_pb_text_inner\"><h2>Det f\u00e5r du hos SFPE Danmark<\/h2>\n<\/div><\/div>\n<\/div>\n<\/div>\n\n<div class=\"et_pb_row_4 et_pb_row et_flex_row\">\n<div class=\"et_pb_column_5 et_pb_column et-last-child et_flex_column et_pb_css_mix_blend_mode_passthrough et_flex_column_24_24 et_flex_column_24_24_tablet et_flex_column_24_24_phone\">\n<div class=\"et_pb_text_8 et_pb_text et_pb_bg_layout_light et_pb_module et_block_module preset--module--divi-text--102bef9d-a6b9-41f0-af77-1ed5b7bd0593\"><div class=\"et_pb_text_inner\"><p>Bliv medlem i dag og f\u00e5 du adgang til opdaterede tekniske ressourcer, et fagligt bibliotek af online publikationer og branchef\u00f8rende arrangementer med relevante foredragsholdere m\u00e5lrettet brandbeskyttelses\u2011 og brandsikkerhedsingeni\u00f8rer. Vi afholder flere \u00e5rlige arrangementer, der b\u00e5de styrker din faglige udvikling og dine professionelle relationer.<\/p>\n<\/div><\/div>\n<\/div>\n<\/div>\n\n<div class=\"et_pb_row_5 et_pb_row et_block_row\">\n<div class=\"et_pb_column_6 et_pb_column et_pb_column_1_3 et_block_column et_pb_css_mix_blend_mode_passthrough\">\n<div class=\"et_pb_blurb_0 et_pb_blurb et_pb_bg_layout_light et_pb_text_align_center et_pb_blurb_position_top et_pb_module et_block_module preset--module--divi-blurb--f089e242-ebe4-4cb7-a155-fa8ab6b35ac3\"><div class=\"et_pb_blurb_content\"><div class=\"et_pb_blurb_container\"><h4 class=\"et_pb_module_header\">Resourcer<\/h4><div class=\"et_pb_blurb_description\"><p>Adgang til tekniske ressourcer, online publikationer og nyeste viden om brandsikkerhed.<\/p>\n<\/div><\/div><\/div><\/div>\n<\/div>\n\n<div class=\"et_pb_column_7 et_pb_column et_pb_column_1_3 et_block_column et_pb_css_mix_blend_mode_passthrough\">\n<div class=\"et_pb_blurb_1 et_pb_blurb et_pb_bg_layout_light et_pb_text_align_center et_pb_blurb_position_top et_pb_module et_block_module preset--module--divi-blurb--f089e242-ebe4-4cb7-a155-fa8ab6b35ac3\"><div class=\"et_pb_blurb_content\"><div class=\"et_pb_blurb_container\"><h4 class=\"et_pb_module_header\">Netv\u00e6rk<\/h4><div class=\"et_pb_blurb_description\"><p>Mulighed for at opbygge relationer og samarbejde med eksperter i Danmark og internationalt.<\/p>\n<\/div><\/div><\/div><\/div>\n<\/div>\n\n<div class=\"et_pb_column_8 et_pb_column et_pb_column_1_3 et-last-child et_block_column et_pb_css_mix_blend_mode_passthrough\">\n<div class=\"et_pb_blurb_2 et_pb_blurb et_pb_bg_layout_light et_pb_text_align_center et_pb_blurb_position_top et_pb_module et_block_module preset--module--divi-blurb--f089e242-ebe4-4cb7-a155-fa8ab6b35ac3\"><div class=\"et_pb_blurb_content\"><div class=\"et_pb_blurb_container\"><h4 class=\"et_pb_module_header\">Udvikling<\/h4><div class=\"et_pb_blurb_description\"><p>Deltagelse i m\u00e5lrettede arrangementer og events, der styrker din praksis og karriere.<\/p>\n<\/div><\/div><\/div><\/div>\n<\/div>\n<\/div>\n\n<div class=\"et_pb_row_6 et_pb_row et_flex_row\">\n<div class=\"et_pb_column_9 et_pb_column et-last-child et_flex_column et_pb_css_mix_blend_mode_passthrough et_flex_column_24_24 et_flex_column_24_24_tablet et_flex_column_24_24_phone\">\n<div class=\"et_pb_text_9 et_pb_text et_pb_bg_layout_light et_clickable et_pb_module et_block_module preset--module--divi-text--52e3395c-06b4-4952-8385-df6502265a6b\" data-interaction-trigger=\"uo870se4h5\"><div class=\"et_pb_text_inner\"><p>Bliv medlem<\/p>\n<\/div><\/div>\n<\/div>\n<\/div>\n<\/div>\n\n<div class=\"et_pb_section_3 et_pb_section et_section_regular et_flex_section preset--module--divi-section--default\">\n<div class=\"et_pb_row_7 et_pb_row et_flex_row\">\n<div class=\"et_pb_column_10 et_pb_column et_flex_column et_pb_css_mix_blend_mode_passthrough et_flex_column_12_24 et_flex_column_12_24_tablet et_flex_column_24_24_phone\">\n<div class=\"et_pb_text_10 et_pb_text et_pb_bg_layout_light et_pb_module et_block_module preset--module--divi-text--0874a7ef-fda6-4460-964c-06187d4d2262\"><div class=\"et_pb_text_inner\"><h4>Vores medlemmer<\/h4>\n<\/div><\/div>\n\n<div class=\"et_pb_text_11 et_pb_text et_pb_bg_layout_light et_pb_module et_block_module preset--module--divi-text--83d94e9b-bff8-4c15-9e33-e7b1a7a21887\"><div class=\"et_pb_text_inner\"><h2>Hvem kan blive medlem?<\/h2>\n<\/div><\/div>\n\n<div class=\"et_pb_text_12 et_pb_text et_pb_bg_layout_light et_pb_module et_block_module preset--module--divi-text--102bef9d-a6b9-41f0-af77-1ed5b7bd0593\"><div class=\"et_pb_text_inner\"><p>Medlemskabet henvender sig til alle, der arbejder professionelt med brandsikkerhed \u2013 uanset om du er brandteknisk ingeni\u00f8r, r\u00e5dgiver, myndighedsperson, forsker eller studerende med interesse for omr\u00e5det. SFPE Danmark er et fagligt samlingspunkt for b\u00e5de erfarne specialister og nye talenter, der \u00f8nsker at styrke deres viden, f\u00f8lge udviklingen i branchen og indg\u00e5 i et engageret netv\u00e6rk.<\/p>\n<p>Her er plads til dig, der vil bidrage til og l\u00e6re af et f\u00e6llesskab, der arbejder for h\u00f8jere brandsikkerhed i Danmark og internationalt.<\/p>\n<\/div><\/div>\n\n<div class=\"et_pb_row_8 et_pb_row et_pb_gutters2 et_pb_row_nested et_block_row\">\n<div class=\"et_pb_column_11 et_pb_column et_pb_column_1_2 et-last-child et_block_column et_pb_css_mix_blend_mode_passthrough\">\n<div class=\"et_pb_module et_pb_button_module_wrapper et_pb_button_0_wrapper preset--module--divi-button--6d0d9ca5-a6e6-418e-915e-bb80addcc2b6_wrapper\"><a class=\"et_pb_button_0 et_pb_button et_pb_bg_layout_light et_pb_module et_block_module preset--module--divi-button--6d0d9ca5-a6e6-418e-915e-bb80addcc2b6\" href=\"\" data-interaction-trigger=\"fa73mwicb5\">Bliv medlem<\/a><\/div>\n<\/div>\n<\/div>\n<\/div>\n\n<div class=\"et_pb_column_12 et_pb_column et-last-child et_flex_column et_pb_column_empty et_pb_css_mix_blend_mode_passthrough et_flex_column_12_24 et_flex_column_12_24_tablet et_flex_column_24_24_phone\"><\/div>\n<\/div>\n\n<div class=\"et_pb_row_9 et_pb_row et_flex_row\">\n<div class=\"et_pb_column_13 et_pb_column et_flex_column et_pb_css_mix_blend_mode_passthrough et_flex_column_12_24 et_flex_column_12_24_tablet et_flex_column_24_24_phone\">\n<div class=\"et_pb_divider_0 et_pb_divider et_pb_space et_pb_divider_position_top et_pb_module preset--module--divi-divider--default\"><div class=\"et_pb_divider_internal\"><\/div><\/div>\n<\/div>\n\n<div class=\"et_pb_column_14 et_pb_column et-last-child et_flex_column et_pb_css_mix_blend_mode_passthrough et_flex_column_12_24 et_flex_column_12_24_tablet et_flex_column_24_24_phone\">\n<div class=\"et_pb_divider_1 et_pb_divider et_pb_space et_pb_divider_position_top et_pb_module preset--module--divi-divider--default\"><div class=\"et_pb_divider_internal\"><\/div><\/div>\n<\/div>\n<\/div>\n\n<div class=\"et_pb_row_10 et_pb_row et_flex_row\">\n<div class=\"et_pb_column_15 et_pb_column et_flex_column et_pb_column_empty et_pb_css_mix_blend_mode_passthrough et_flex_column_12_24 et_flex_column_12_24_tablet et_flex_column_24_24_phone\"><\/div>\n\n<div class=\"et_pb_column_16 et_pb_column et-last-child et_flex_column et_pb_css_mix_blend_mode_passthrough et_flex_column_12_24 et_flex_column_12_24_tablet et_flex_column_24_24_phone\">\n<div class=\"et_pb_text_13 et_pb_text et_pb_bg_layout_light et_pb_module et_block_module preset--module--divi-text--0874a7ef-fda6-4460-964c-06187d4d2262\"><div class=\"et_pb_text_inner\"><h4>Kontingent<\/h4>\n<\/div><\/div>\n\n<div class=\"et_pb_text_14 et_pb_text et_pb_bg_layout_light et_pb_module et_block_module preset--module--divi-text--83d94e9b-bff8-4c15-9e33-e7b1a7a21887\"><div class=\"et_pb_text_inner\"><h2>Det koster det at v\u00e6re medlem<\/h2>\n<\/div><\/div>\n\n<div class=\"et_pb_text_15 et_pb_text et_pb_bg_layout_light et_pb_module et_block_module preset--module--divi-text--102bef9d-a6b9-41f0-af77-1ed5b7bd0593\"><div class=\"et_pb_text_inner\"><p>Et medlemskab af SFPE Danmark koster 300 kr. om \u00e5ret og giver fuld adgang til vores faglige netv\u00e6rk, arrangementer og ressourcer. Studerende, der er indskrevet p\u00e5 en SU\u2011berettiget uddannelse, kan blive medlem helt gratis. Medlemskabet er uafh\u00e6ngigt af SFPE Worldwide og administreres alene af SFPE Danmark.<\/p>\n<\/div><\/div>\n\n<div class=\"et_pb_row_11 et_pb_row et_pb_gutters2 et_pb_row_nested et_block_row\">\n<div class=\"et_pb_column_17 et_pb_column et_pb_column_1_2 et-last-child et_block_column et_pb_css_mix_blend_mode_passthrough\">\n<div class=\"et_pb_module et_pb_button_module_wrapper et_pb_button_1_wrapper preset--module--divi-button--6d0d9ca5-a6e6-418e-915e-bb80addcc2b6_wrapper\"><a class=\"et_pb_button_1 et_pb_button et_pb_bg_layout_light et_pb_module et_block_module preset--module--divi-button--6d0d9ca5-a6e6-418e-915e-bb80addcc2b6\" href=\"\" data-interaction-trigger=\"fa73mwicb5\">Bliv medlem<\/a><\/div>\n<\/div>\n<\/div>\n<\/div>\n<\/div>\n<\/div>","protected":false},"excerpt":{"rendered":"","protected":false},"author":1,"featured_media":0,"parent":0,"menu_order":0,"comment_status":"closed","ping_status":"closed","template":"","meta":{"_et_pb_use_builder":"on","_et_pb_old_content":"<!-- wp:divi\/placeholder \/-->","_et_gb_content_width":"","footnotes":""},"class_list":["post-184","page","type-page","status-publish","hentry"],"_links":{"self":[{"href":"https:\/\/sfpe.dk\/index.php\/wp-json\/wp\/v2\/pages\/184","targetHints":{"allow":["GET"]}}],"collection":[{"href":"https:\/\/sfpe.dk\/index.php\/wp-json\/wp\/v2\/pages"}],"about":[{"href":"https:\/\/sfpe.dk\/index.php\/wp-json\/wp\/v2\/types\/page"}],"author":[{"embeddable":true,"href":"https:\/\/sfpe.dk\/index.php\/wp-json\/wp\/v2\/users\/1"}],"replies":[{"embeddable":true,"href":"https:\/\/sfpe.dk\/index.php\/wp-json\/wp\/v2\/comments?post=184"}],"version-history":[{"count":47,"href":"https:\/\/sfpe.dk\/index.php\/wp-json\/wp\/v2\/pages\/184\/revisions"}],"predecessor-version":[{"id":644,"href":"https:\/\/sfpe.dk\/index.php\/wp-json\/wp\/v2\/pages\/184\/revisions\/644"}],"wp:attachment":[{"href":"https:\/\/sfpe.dk\/index.php\/wp-json\/wp\/v2\/media?parent=184"}],"curies":[{"name":"wp","href":"https:\/\/api.w.org\/{rel}","templated":true}]}}